{"id":2923,"date":"2023-03-14T14:17:34","date_gmt":"2023-03-14T14:17:34","guid":{"rendered":"https:\/\/pittalumarimakari.it\/home\/"},"modified":"2025-02-19T19:23:06","modified_gmt":"2025-02-19T19:23:06","slug":"home","status":"publish","type":"page","link":"https:\/\/pittalumarimakari.it\/en\/","title":{"rendered":"Home"},"content":{"rendered":"<p>[et_pb_section fb_built=&#8221;1&#8243; _builder_version=&#8221;4.20.4&#8243; _module_preset=&#8221;default&#8221; use_background_color_gradient=&#8221;on&#8221; background_color_gradient_stops=&#8221;rgba(76,40,52,0.35) 0%|rgba(127,65,83,0.55) 100%&#8221; background_color_gradient_overlays_image=&#8221;on&#8221; background_image=&#8221;https:\/\/pittalumarimakari.it\/wp-content\/uploads\/2023\/03\/pittalumarimakari-location-6.jpg&#8221; background_enable_video_mp4=&#8221;off&#8221; width=&#8221;98%&#8221; module_alignment=&#8221;center&#8221; height=&#8221;100vh&#8221; height_tablet=&#8221;75vh&#8221; height_phone=&#8221;75vh&#8221; height_last_edited=&#8221;on|tablet&#8221; custom_margin=&#8221;||||false|false&#8221; border_radii=&#8221;on|50px|50px|50px|50px&#8221; global_colors_info=&#8221;{}&#8221; use_background_color_gradient__hover=&#8221;on&#8221; background__hover_enabled=&#8221;on|hover&#8221; background_color_gradient_stops__hover=&#8221;rgba(76,40,52,0.55) 0%|rgba(76,40,52,0.75) 100%&#8221;][et_pb_row _builder_version=&#8221;4.20.2&#8243; _module_preset=&#8221;default&#8221; z_index=&#8221;50&#8243; custom_margin=&#8221;10vh||||false|false&#8221; custom_margin_tablet=&#8221;5vh||||false|false&#8221; custom_margin_phone=&#8221;5vh||||false|false&#8221; custom_margin_last_edited=&#8221;on|tablet&#8221; global_colors_info=&#8221;{}&#8221;][et_pb_column type=&#8221;4_4&#8243; _builder_version=&#8221;4.20.2&#8243; _module_preset=&#8221;default&#8221; global_colors_info=&#8221;{}&#8221;][et_pb_image src=&#8221;https:\/\/pittalumarimakari.it\/wp-content\/uploads\/2023\/03\/Pittalumari-Makari-logo-cover-white.svg&#8221; title_text=&#8221;Pittalumari Makari-logo-cover-white&#8221; align=&#8221;center&#8221; _builder_version=&#8221;4.20.2&#8243; _module_preset=&#8221;default&#8221; max_height=&#8221;300px&#8221; max_height_tablet=&#8221;300px&#8221; max_height_phone=&#8221;230px&#8221; max_height_last_edited=&#8221;on|phone&#8221; animation_style=&#8221;zoom&#8221; animation_duration=&#8221;1500ms&#8221; custom_css_main_element=&#8221;filter: drop-shadow(0 0 0.15rem rgba(76,40,52,0.25));&#8221; global_colors_info=&#8221;{}&#8221;][\/et_pb_image][et_pb_text _builder_version=&#8221;4.20.2&#8243; _module_preset=&#8221;default&#8221; header_font=&#8221;||||||||&#8221; header_text_color=&#8221;#FFFFFF&#8221; header_font_size=&#8221;46px&#8221; text_orientation=&#8221;center&#8221; background_layout=&#8221;dark&#8221; animation_style=&#8221;fold&#8221; animation_direction=&#8221;top&#8221; animation_duration=&#8221;1500ms&#8221; animation_delay=&#8221;500ms&#8221; header_font_size_tablet=&#8221;33px&#8221; header_font_size_phone=&#8221;25px&#8221; header_font_size_last_edited=&#8221;on|phone&#8221; header_line_height_tablet=&#8221;&#8221; header_line_height_phone=&#8221;1.3em&#8221; header_line_height_last_edited=&#8221;on|phone&#8221; header_text_shadow_style=&#8221;preset2&#8243; header_text_shadow_color=&#8221;rgba(0,0,0,0.2)&#8221; global_colors_info=&#8221;{}&#8221;]<\/p>\n<h1>Resort immersed in Nature<\/h1>\n<p>[\/et_pb_text][et_pb_icon font_icon=&#8221;&#x3b;||divi||400&#8243; icon_color=&#8221;#FFFFFF&#8221; icon_width=&#8221;43px&#8221; url=&#8221;#welcome&#8221; _builder_version=&#8221;4.20.2&#8243; _module_preset=&#8221;default&#8221; animation_style=&#8221;fade&#8221; animation_delay=&#8221;1000ms&#8221; custom_css_main_element=&#8221;text-shadow:3px 3px 1px rgba(51,51,51,0.2)||  &#8221; global_colors_info=&#8221;{}&#8221; transform_styles__hover_enabled=&#8221;on|hover&#8221; transform_scale__hover_enabled=&#8221;on|hover&#8221; transform_translate__hover_enabled=&#8221;on|desktop&#8221; transform_rotate__hover_enabled=&#8221;on|desktop&#8221; transform_skew__hover_enabled=&#8221;on|desktop&#8221; transform_origin__hover_enabled=&#8221;on|desktop&#8221; transform_scale__hover=&#8221;130%|130%&#8221; icon_color__hover_enabled=&#8221;on|hover&#8221; icon_color__hover=&#8221;#F67A92&#8243;][\/et_pb_icon][\/et_pb_column][\/et_pb_row][\/et_pb_section][et_pb_section fb_built=&#8221;1&#8243; next_background_color=&#8221;#ffffff&#8221; _builder_version=&#8221;4.20.2&#8243; _module_preset=&#8221;default&#8221; background_enable_color=&#8221;off&#8221; use_background_color_gradient=&#8221;on&#8221; background_color_gradient_stops=&#8221;#ffffff 0%|#fef5f7 100%&#8221; custom_padding=&#8221;100px||100px||true|false&#8221; bottom_divider_style=&#8221;curve2&#8243; bottom_divider_height_tablet=&#8221;&#8221; bottom_divider_height_phone=&#8221;50px&#8221; bottom_divider_height_last_edited=&#8221;on|phone&#8221; global_colors_info=&#8221;{}&#8221;][et_pb_row module_id=&#8221;welcome&#8221; _builder_version=&#8221;4.20.2&#8243; _module_preset=&#8221;default&#8221; global_colors_info=&#8221;{}&#8221;][et_pb_column type=&#8221;4_4&#8243; _builder_version=&#8221;4.20.2&#8243; _module_preset=&#8221;default&#8221; global_colors_info=&#8221;{}&#8221;][et_pb_text _builder_version=&#8221;4.20.2&#8243; _module_preset=&#8221;default&#8221; header_text_align=&#8221;center&#8221; header_text_color=&#8221;#CC6985&#8243; header_font_size=&#8221;76px&#8221; header_3_text_align=&#8221;center&#8221; header_3_text_color=&#8221;#F67A92&#8243; header_3_line_height=&#8221;0em&#8221; custom_margin=&#8221;||0px||false|false&#8221; custom_padding=&#8221;||0px||false|false&#8221; global_colors_info=&#8221;{}&#8221;]<\/p>\n<h3>Welcome to<\/h3>\n<h1>Makari<\/h1>\n<p>[\/et_pb_text][dsm_icon_divider image=&#8221;https:\/\/pittalumarimakari.it\/wp-content\/uploads\/2023\/03\/Pittalumari-Makari-favicon.svg&#8221; image_max_width=&#8221;50px&#8221; color=&#8221;rgba(178,89,110,0.25)&#8221; _builder_version=&#8221;4.20.2&#8243; _module_preset=&#8221;default&#8221; custom_margin=&#8221;||||true|false&#8221; custom_padding=&#8221;||||true|false&#8221; custom_css_main_element=&#8221;width:50%;||margin:auto&#8221; locked=&#8221;off&#8221; global_colors_info=&#8221;{}&#8221;][\/dsm_icon_divider][et_pb_video src=&#8221;https:\/\/pittalumarimakari.it\/wp-content\/uploads\/2023\/03\/Pittalumari-makari-video-presentation.mp4&#8243; image_src=&#8221;https:\/\/pittalumarimakari.it\/wp-content\/uploads\/2023\/03\/pittalumari-makari-ville-sul-mare.jpg&#8221; play_icon_color=&#8221;#FFFFFF&#8221; font_icon=&#8221;&#xf144;||fa||900&#8243; thumbnail_overlay_color=&#8221;rgba(204,105,133,0.5)&#8221; _builder_version=&#8221;4.20.2&#8243; _module_preset=&#8221;default&#8221; animation_style=&#8221;slide&#8221; animation_direction=&#8221;bottom&#8221; border_radii=&#8221;off|12px|12px|12px|12px&#8221; box_shadow_style=&#8221;preset3&#8243; global_colors_info=&#8221;{}&#8221;][\/et_pb_video][et_pb_button button_url=&#8221;@ET-DC@eyJkeW5hbWljIjp0cnVlLCJjb250ZW50IjoicG9zdF9saW5rX3VybF9wYWdlIiwic2V0dGluZ3MiOnsicG9zdF9pZCI6IjI3In19@&#8221; button_text=&#8221;Explore Makari&#8221; button_alignment=&#8221;center&#8221; _builder_version=&#8221;4.27.4&#8243; _dynamic_attributes=&#8221;button_url&#8221; _module_preset=&#8221;default&#8221; animation_style=&#8221;fade&#8221; animation_delay=&#8221;200ms&#8221; box_shadow_style=&#8221;preset3&#8243; box_shadow_color=&#8221;rgba(127,65,83,0)&#8221; global_colors_info=&#8221;{}&#8221; box_shadow_color__hover_enabled=&#8221;on|desktop&#8221; box_shadow_color__hover=&#8221;rgba(127,65,83,0.35)&#8221;][\/et_pb_button][\/et_pb_column][\/et_pb_row][\/et_pb_section][et_pb_section fb_built=&#8221;1&#8243; _builder_version=&#8221;4.20.2&#8243; _module_preset=&#8221;default&#8221; custom_padding=&#8221;150px||150px||true|false&#8221; global_colors_info=&#8221;{}&#8221;][et_pb_row _builder_version=&#8221;4.20.2&#8243; _module_preset=&#8221;default&#8221; custom_margin=&#8221;||0px||false|false&#8221; custom_padding=&#8221;||0px||false|false&#8221; global_colors_info=&#8221;{}&#8221;][et_pb_column type=&#8221;4_4&#8243; _builder_version=&#8221;4.20.2&#8243; _module_preset=&#8221;default&#8221; global_colors_info=&#8221;{}&#8221;][et_pb_text _builder_version=&#8221;4.27.4&#8243; _module_preset=&#8221;default&#8221; header_text_align=&#8221;center&#8221; header_text_color=&#8221;#CC6985&#8243; header_font_size=&#8221;76px&#8221; header_3_text_align=&#8221;center&#8221; header_3_text_color=&#8221;#F67A92&#8243; header_3_line_height=&#8221;0em&#8221; custom_margin=&#8221;||0px||false|false&#8221; custom_padding=&#8221;||0px||false|false&#8221; hover_enabled=&#8221;0&#8243; global_colors_info=&#8221;{}&#8221; sticky_enabled=&#8221;0&#8243;]<\/p>\n<h3>The<\/h3>\n<h1>Houses<\/h1>\n<p>[\/et_pb_text][dsm_icon_divider image=&#8221;https:\/\/pittalumarimakari.it\/wp-content\/uploads\/2023\/03\/Pittalumari-Makari-favicon.svg&#8221; image_max_width=&#8221;50px&#8221; color=&#8221;rgba(178,89,110,0.25)&#8221; _builder_version=&#8221;4.20.2&#8243; _module_preset=&#8221;default&#8221; custom_margin=&#8221;||||true|false&#8221; custom_padding=&#8221;||||true|false&#8221; custom_css_main_element=&#8221;width:50%;||margin:auto&#8221; locked=&#8221;off&#8221; global_colors_info=&#8221;{}&#8221;][\/dsm_icon_divider][et_pb_text _builder_version=&#8221;4.20.2&#8243; _module_preset=&#8221;default&#8221; custom_margin=&#8221;||0px||false|false&#8221; custom_padding=&#8221;||0px||false|false&#8221; global_colors_info=&#8221;{}&#8221;]<\/p>\n<p><span>The \u201cPittalumari Makari\u201d Resort was designed to satisfy travelers seeking an inspiring stay in an unforgettable atmosphere, for those who love the incomparable nature of the western coast of Sicily, the sea and a vacation characterized by peace and tranquility. Overlooking our resort stands the Isulidda Tower, built in the 16th century as a watchpoint for pirates lurking in the Mediterranean waters, a landmark giving a timeless feel to the surrounding coast.<\/span><\/p>\n<p>[\/et_pb_text][\/et_pb_column][\/et_pb_row][et_pb_row column_structure=&#8221;1_3,1_3,1_3&#8243; use_custom_gutter=&#8221;on&#8221; gutter_width=&#8221;2&#8243; make_equal=&#8221;on&#8221; _builder_version=&#8221;4.20.2&#8243; _module_preset=&#8221;default&#8221; saved_tabs=&#8221;all&#8221; locked=&#8221;off&#8221; global_colors_info=&#8221;{}&#8221;][et_pb_column type=&#8221;1_3&#8243; _builder_version=&#8221;4.20.2&#8243; _module_preset=&#8221;default&#8221; global_colors_info=&#8221;{}&#8221;][dsm_card title=&#8221;Casa del Melograno&#8221; subtitle=&#8221;UP TO 4 PEOPLE&#8221; content_horizontal_alignment=&#8221;flex-start&#8221; image=&#8221;https:\/\/pittalumarimakari.it\/wp-content\/uploads\/2023\/04\/pittalumari-makari-melograno-cover.jpg&#8221; image_background_animation=&#8221;zoom_in&#8221; image_background_animation_speed=&#8221;500ms&#8221; image_alignment=&#8221;center&#8221; button_url_new_window=&#8221;1&#8243; _builder_version=&#8221;4.27.0&#8243; _dynamic_attributes=&#8221;link_option_url&#8221; _module_preset=&#8221;default&#8221; header_level=&#8221;h1&#8243; header_line_height=&#8221;0.3em&#8221; body_font_size=&#8221;14px&#8221; body_line_height=&#8221;1.4em&#8221; subhead_text_color=&#8221;#CC6985&#8243; subhead_font_size=&#8221;13px&#8221; subhead_line_height=&#8221;2.4em&#8221; background_enable_color=&#8221;off&#8221; custom_padding=&#8221;10px|10px|10px|10px|true|true&#8221; animation_style=&#8221;slide&#8221; animation_direction=&#8221;bottom&#8221; animation_delay=&#8221;200ms&#8221; link_option_url=&#8221;@ET-DC@eyJkeW5hbWljIjp0cnVlLCJjb250ZW50IjoicG9zdF9saW5rX3VybF9wYWdlIiwic2V0dGluZ3MiOnsicG9zdF9pZCI6IjQzIn19@&#8221; border_radii=&#8221;on|20px|20px|20px|20px&#8221; border_radii_image=&#8221;on|20px|20px|20px|20px&#8221; box_shadow_style=&#8221;preset3&#8243; box_shadow_color=&#8221;rgba(38,20,27,0)&#8221; global_colors_info=&#8221;{}&#8221; box_shadow_color__hover=&#8221;rgba(127,65,83,0.1)&#8221; box_shadow_color__hover_enabled=&#8221;on|hover&#8221;]<\/p>\n<p><span><strong>The casa del Melograno is the perfect location for couples seeking romantic privacy.<\/strong> <\/span><\/p>\n<p><span>1 double bedroom, an open concept living area with double sofa bed, bathroom, and panoramic terrace.<\/span><\/p>\n<p>[\/dsm_card][\/et_pb_column][et_pb_column type=&#8221;1_3&#8243; _builder_version=&#8221;4.20.2&#8243; _module_preset=&#8221;default&#8221; global_colors_info=&#8221;{}&#8221;][dsm_card title=&#8221;Casa del Mandorlo&#8221; subtitle=&#8221;UP TO 6 PEOPLE&#8221; content_horizontal_alignment=&#8221;flex-start&#8221; image=&#8221;https:\/\/pittalumarimakari.it\/wp-content\/uploads\/2023\/04\/pittalumari-makari-mandorlo-cover.jpg&#8221; image_background_animation=&#8221;zoom_in&#8221; image_background_animation_speed=&#8221;500ms&#8221; image_alignment=&#8221;center&#8221; button_url_new_window=&#8221;1&#8243; _builder_version=&#8221;4.27.0&#8243; _dynamic_attributes=&#8221;link_option_url&#8221; _module_preset=&#8221;default&#8221; header_level=&#8221;h1&#8243; header_line_height=&#8221;0.3em&#8221; body_font_size=&#8221;14px&#8221; body_line_height=&#8221;1.4em&#8221; subhead_text_color=&#8221;#CC6985&#8243; subhead_font_size=&#8221;14px&#8221; subhead_line_height=&#8221;2.4em&#8221; background_enable_color=&#8221;off&#8221; custom_padding=&#8221;10px|10px|10px|10px|true|true&#8221; animation_style=&#8221;slide&#8221; animation_direction=&#8221;bottom&#8221; animation_delay=&#8221;200ms&#8221; link_option_url=&#8221;@ET-DC@eyJkeW5hbWljIjp0cnVlLCJjb250ZW50IjoicG9zdF9saW5rX3VybF9wYWdlIiwic2V0dGluZ3MiOnsicG9zdF9pZCI6IjQxIn19@&#8221; border_radii=&#8221;on|20px|20px|20px|20px&#8221; border_radii_image=&#8221;on|20px|20px|20px|20px&#8221; box_shadow_style=&#8221;preset3&#8243; box_shadow_color=&#8221;rgba(38,20,27,0)&#8221; global_colors_info=&#8221;{}&#8221; box_shadow_color__hover=&#8221;rgba(127,65,83,0.1)&#8221; box_shadow_color__hover_enabled=&#8221;on|hover&#8221;]<\/p>\n<p><strong><span>The casa del Mandorlo is the perfect location for a large family or group of friends<\/span>.<\/strong><\/p>\n<p><span>3 double bedrooms, an open concept living area, 2 bathrooms, and a panoramic terrace.<\/span><\/p>\n<p>[\/dsm_card][\/et_pb_column][et_pb_column type=&#8221;1_3&#8243; _builder_version=&#8221;4.20.2&#8243; _module_preset=&#8221;default&#8221; global_colors_info=&#8221;{}&#8221;][dsm_card title=&#8221;Casa del Fico&#8221; subtitle=&#8221;UP TO 8 PEOPLE&#8221; content_horizontal_alignment=&#8221;flex-start&#8221; image=&#8221;https:\/\/pittalumarimakari.it\/wp-content\/uploads\/2023\/04\/pittalumari-makari-fico-cover.jpg&#8221; image_background_animation=&#8221;zoom_in&#8221; image_background_animation_speed=&#8221;500ms&#8221; image_alignment=&#8221;center&#8221; button_url_new_window=&#8221;1&#8243; _builder_version=&#8221;4.27.0&#8243; _dynamic_attributes=&#8221;link_option_url&#8221; _module_preset=&#8221;default&#8221; header_level=&#8221;h1&#8243; header_line_height=&#8221;0.3em&#8221; body_font_size=&#8221;14px&#8221; body_line_height=&#8221;1.4em&#8221; subhead_text_color=&#8221;#CC6985&#8243; subhead_font_size=&#8221;14px&#8221; subhead_line_height=&#8221;2.4em&#8221; background_enable_color=&#8221;off&#8221; custom_padding=&#8221;10px|10px|10px|10px|true|true&#8221; animation_style=&#8221;slide&#8221; animation_direction=&#8221;bottom&#8221; animation_delay=&#8221;200ms&#8221; link_option_url=&#8221;@ET-DC@eyJkeW5hbWljIjp0cnVlLCJjb250ZW50IjoicG9zdF9saW5rX3VybF9wYWdlIiwic2V0dGluZ3MiOnsicG9zdF9pZCI6IjM5In19@&#8221; border_radii=&#8221;on|20px|20px|20px|20px&#8221; border_radii_image=&#8221;on|20px|20px|20px|20px&#8221; box_shadow_style=&#8221;preset3&#8243; box_shadow_color=&#8221;rgba(38,20,27,0)&#8221; global_colors_info=&#8221;{}&#8221; box_shadow_color__hover_enabled=&#8221;on|hover&#8221; box_shadow_color__hover=&#8221;rgba(127,65,83,0.1)&#8221;]<\/p>\n<p><strong>The Casa del Fico enjoys a privileged beachfront position where guests enjoy magical sunsets from their private veranda amidst lush scents making for a sensory experience only accessible in Sicily.<\/strong><\/p>\n<p>1 bedroom with bunk beds, an open concept living area, 2 bathrooms, and a panoramic terrace.<\/p>\n<p>[\/dsm_card][\/et_pb_column][\/et_pb_row][\/et_pb_section][et_pb_section fb_built=&#8221;1&#8243; prev_background_color=&#8221;#ffffff&#8221; _builder_version=&#8221;4.20.2&#8243; _module_preset=&#8221;default&#8221; background_enable_color=&#8221;off&#8221; use_background_color_gradient=&#8221;on&#8221; background_color_gradient_stops=&#8221;#fef5f7 60%|#ffffff 100%&#8221; top_divider_style=&#8221;curve2&#8243; top_divider_flip=&#8221;vertical&#8221; top_divider_height_tablet=&#8221;&#8221; top_divider_height_phone=&#8221;50px&#8221; top_divider_height_last_edited=&#8221;on|phone&#8221; global_colors_info=&#8221;{}&#8221;][et_pb_row disabled_on=&#8221;on|on|on&#8221; _builder_version=&#8221;4.27.4&#8243; _module_preset=&#8221;default&#8221; disabled=&#8221;on&#8221; locked=&#8221;off&#8221; global_colors_info=&#8221;{}&#8221;][et_pb_column type=&#8221;4_4&#8243; _builder_version=&#8221;4.20.2&#8243; _module_preset=&#8221;default&#8221; global_colors_info=&#8221;{}&#8221;][et_pb_text _builder_version=&#8221;4.20.2&#8243; _module_preset=&#8221;default&#8221; header_text_align=&#8221;center&#8221; header_text_color=&#8221;#CC6985&#8243; header_font_size=&#8221;76px&#8221; header_3_text_align=&#8221;center&#8221; header_3_text_color=&#8221;#F67A92&#8243; header_3_line_height=&#8221;0em&#8221; custom_margin=&#8221;||0px||false|false&#8221; custom_padding=&#8221;||0px||false|false&#8221; global_colors_info=&#8221;{}&#8221;]<\/p>\n<h3>Scopri la Sicilia<\/h3>\n<h1>Esperienze<\/h1>\n<p>[\/et_pb_text][dsm_icon_divider image=&#8221;https:\/\/pittalumarimakari.it\/wp-content\/uploads\/2023\/03\/Pittalumari-Makari-favicon.svg&#8221; image_max_width=&#8221;50px&#8221; color=&#8221;rgba(178,89,110,0.25)&#8221; _builder_version=&#8221;4.20.2&#8243; _module_preset=&#8221;default&#8221; custom_margin=&#8221;||||true|false&#8221; custom_padding=&#8221;||||true|false&#8221; custom_css_main_element=&#8221;width:50%;||margin:auto&#8221; locked=&#8221;off&#8221; global_colors_info=&#8221;{}&#8221;][\/dsm_icon_divider][et_pb_text _builder_version=&#8221;4.20.2&#8243; _module_preset=&#8221;default&#8221; text_orientation=&#8221;center&#8221; global_colors_info=&#8221;{}&#8221;]<\/p>\n<p>La Sicilia \u00e8 l&#8217;isola pi\u00f9 grande del Mediterraneo ed offre la possibilit\u00e0 di poter effettuare splendide escursioni. Dal mare alla montagna, dal vino al cibo, lasciati coccolare dalle diversit\u00e0 culturali che solo questa bellissima isola sa offrirti.<\/p>\n<p>[\/et_pb_text][\/et_pb_column][\/et_pb_row][et_pb_row disabled_on=&#8221;off|off|off&#8221; _builder_version=&#8221;4.20.2&#8243; _module_preset=&#8221;default&#8221; global_colors_info=&#8221;{}&#8221;][et_pb_column type=&#8221;4_4&#8243; _builder_version=&#8221;4.20.2&#8243; _module_preset=&#8221;default&#8221; global_colors_info=&#8221;{}&#8221;][et_pb_text _builder_version=&#8221;4.27.4&#8243; _module_preset=&#8221;default&#8221; header_text_align=&#8221;center&#8221; header_text_color=&#8221;#CC6985&#8243; header_font_size=&#8221;76px&#8221; header_3_text_align=&#8221;center&#8221; header_3_text_color=&#8221;#F67A92&#8243; header_3_line_height=&#8221;0em&#8221; custom_margin=&#8221;||0px||false|false&#8221; custom_padding=&#8221;||0px||false|false&#8221; global_colors_info=&#8221;{}&#8221;]<\/p>\n<h3>Our<\/h3>\n<h1>Partners<\/h1>\n<p>[\/et_pb_text][dsm_icon_divider image=&#8221;https:\/\/pittalumarimakari.it\/wp-content\/uploads\/2023\/03\/Pittalumari-Makari-favicon.svg&#8221; image_max_width=&#8221;50px&#8221; color=&#8221;rgba(178,89,110,0.25)&#8221; _builder_version=&#8221;4.20.2&#8243; _module_preset=&#8221;default&#8221; custom_margin=&#8221;||||true|false&#8221; custom_padding=&#8221;||||true|false&#8221; custom_css_main_element=&#8221;width:50%;||margin:auto&#8221; locked=&#8221;off&#8221; global_colors_info=&#8221;{}&#8221;][\/dsm_icon_divider][\/et_pb_column][\/et_pb_row][et_pb_row column_structure=&#8221;1_2,1_2&#8243; use_custom_gutter=&#8221;on&#8221; gutter_width=&#8221;4&#8243; _builder_version=&#8221;4.20.4&#8243; _module_preset=&#8221;default&#8221; global_colors_info=&#8221;{}&#8221;][et_pb_column type=&#8221;1_2&#8243; _builder_version=&#8221;4.20.2&#8243; _module_preset=&#8221;default&#8221; global_colors_info=&#8221;{}&#8221;][et_pb_image src=&#8221;https:\/\/pittalumarimakari.it\/wp-content\/uploads\/2023\/03\/Cantine-Fina.png&#8221; title_text=&#8221;Cantine-Fina&#8221; url=&#8221;https:\/\/cantinefina.it\/&#8221; url_new_window=&#8221;on&#8221; align=&#8221;center&#8221; _builder_version=&#8221;4.27.4&#8243; _module_preset=&#8221;default&#8221; max_width=&#8221;300px&#8221; module_alignment=&#8221;center&#8221; global_colors_info=&#8221;{}&#8221;][\/et_pb_image][\/et_pb_column][et_pb_column type=&#8221;1_2&#8243; _builder_version=&#8221;4.20.2&#8243; _module_preset=&#8221;default&#8221; global_colors_info=&#8221;{}&#8221;][et_pb_image src=&#8221;https:\/\/pittalumarimakari.it\/wp-content\/uploads\/2023\/03\/alagna-vini.png&#8221; title_text=&#8221;alagna-vini&#8221; url=&#8221;https:\/\/www.alagnavini.com\/&#8221; url_new_window=&#8221;on&#8221; align=&#8221;center&#8221; _builder_version=&#8221;4.20.2&#8243; _module_preset=&#8221;default&#8221; max_width=&#8221;300px&#8221; module_alignment=&#8221;center&#8221; global_colors_info=&#8221;{}&#8221;][\/et_pb_image][\/et_pb_column][\/et_pb_row][\/et_pb_section]<\/p>\n","protected":false},"excerpt":{"rendered":"<p>Resort immersed in NatureWelcome to Makari<div class=\"et_pb_module dsm_icon_divider dsm_icon_divider_0\">\n\t\t\t\t\n\t\t\t\t\n\t\t\t\t\n\t\t\t\t\n\t\t\t\t\n\t\t\t\t\n\t\t\t\t<div class=\"et_pb_module_inner\">\n\t\t\t\t\t<div class=\"dsm-icon-divider-wrapper dsm-icon-divider-align-center\">\n\t\t\t\t\n\t\t\t\t\n\t\t\t\t<div class=\"dsm-icon-divider-before dsm-divider\"><\/div>\n\t\t\t\t<div class=\"dsm-icon-divider-image\"><span class=\"dsm-icon-divider-image-wrap\"><img decoding=\"async\" src=\"https:\/\/pittalumarimakari.it\/wp-content\/uploads\/2023\/03\/Pittalumari-Makari-favicon.svg\" alt=\"\" \/><\/span><\/div>\n\t\t\t\t<div class=\"dsm-icon-divider-after dsm-divider\"><\/div>\n\t\t\t<\/div>\n\t\t\t\t<\/div>\n\t\t\t<\/div>The Houses<div class=\"et_pb_module dsm_icon_divider dsm_icon_divider_1\">\n\t\t\t\t\n\t\t\t\t\n\t\t\t\t\n\t\t\t\t\n\t\t\t\t\n\t\t\t\t\n\t\t\t\t<div class=\"et_pb_module_inner\">\n\t\t\t\t\t<div class=\"dsm-icon-divider-wrapper dsm-icon-divider-align-center\">\n\t\t\t\t\n\t\t\t\t\n\t\t\t\t<div class=\"dsm-icon-divider-before dsm-divider\"><\/div>\n\t\t\t\t<div class=\"dsm-icon-divider-image\"><span class=\"dsm-icon-divider-image-wrap\"><img decoding=\"async\" src=\"https:\/\/pittalumarimakari.it\/wp-content\/uploads\/2023\/03\/Pittalumari-Makari-favicon.svg\" alt=\"\" \/><\/span><\/div>\n\t\t\t\t<div class=\"dsm-icon-divider-after dsm-divider\"><\/div>\n\t\t\t<\/div>\n\t\t\t\t<\/div>\n\t\t\t<\/div>The \u201cPittalumari Makari\u201d Resort was designed to satisfy travelers seeking an inspiring stay in an unforgettable atmosphere, for those who love the incomparable nature of the western coast of Sicily, the sea and a vacation characterized by peace and tranquility. Overlooking our resort stands the Isulidda Tower, built in the 16th century as a watchpoint for pirates lurking in the Mediterranean waters, a landmark giving a timeless feel to the surrounding coast.<div class=\"et_pb_module dsm_card dsm_card_0 et_animated et_pb_bg_layout_light dsm_card_image_animation dsm_card_image_animation_zoom_in dsm_card_layout_stacked \">\n\t\t\t\t\n\t\t\t\t\n\t\t\t\t\n\t\t\t\t\n\t\t\t\t\n\t\t\t\t\n\t\t\t\t<div class=\"et_pb_module_inner\">\n\t\t\t\t\t\n\t\t\t\n\t\t\t<figure class=\"dsm_card_image_wrapper dsm_card_badge_top_right\"><div class=\"dsm_card_image_background dsm_card_img\"><\/div><\/figure>\n\t\t\t<div class=\"et_pb_module dsm_card_wrapper et_pb_text_align_left\">\n\t\t\t\t\t\n\t\t\t\t\t<h1 class=\"dsm_card_title et_pb_module_header\">Casa del Melograno<\/h1>\n\t\t\t\t\t<div class=\"dsm_card_subtitle\">UP TO 4 PEOPLE<\/div>\n\t\t\t\t\t<div class=\"dsm_card_description\">The casa del Melograno is the perfect location for couples seeking romantic privacy. 1 double bedroom, an open concept living area with double sofa bed, bathroom, and panoramic terrace.<\/div>\n\t\t\t\t\t\n\t\t\t\t<\/div>\n\t\t\t\n\t\t\t\t<\/div>\n\t\t\t<\/div><div class=\"et_pb_module dsm_card dsm_card_1 et_animated et_pb_bg_layout_light dsm_card_image_animation dsm_card_image_animation_zoom_in dsm_card_layout_stacked \">\n\t\t\t\t\n\t\t\t\t\n\t\t\t\t\n\t\t\t\t\n\t\t\t\t\n\t\t\t\t\n\t\t\t\t<div class=\"et_pb_module_inner\">\n\t\t\t\t\t\n\t\t\t\n\t\t\t<figure class=\"dsm_card_image_wrapper dsm_card_badge_top_right\"><div class=\"dsm_card_image_background dsm_card_img\"><\/div><\/figure>\n\t\t\t<div class=\"et_pb_module dsm_card_wrapper et_pb_text_align_left\">\n\t\t\t\t\t\n\t\t\t\t\t<h1 class=\"dsm_card_title et_pb_module_header\">Casa del Mandorlo<\/h1>\n\t\t\t\t\t<div class=\"dsm_card_subtitle\">UP TO 6 PEOPLE<\/div>\n\t\t\t\t\t\n\t\t\t\t\t\n\t\t\t\t<\/div>\n\t\t\t\n\t\t\t\t<\/div>\n\t\t\t<\/div>The casa del [&hellip;]<\/p>\n","protected":false},"author":1,"featured_media":0,"parent":0,"menu_order":0,"comment_status":"closed","ping_status":"closed","template":"","meta":{"_et_pb_use_builder":"on","_et_pb_old_content":"","_et_gb_content_width":"","inline_featured_image":false,"footnotes":""},"class_list":["post-2923","page","type-page","status-publish","hentry"],"_links":{"self":[{"href":"https:\/\/pittalumarimakari.it\/en\/wp-json\/wp\/v2\/pages\/2923","targetHints":{"allow":["GET"]}}],"collection":[{"href":"https:\/\/pittalumarimakari.it\/en\/wp-json\/wp\/v2\/pages"}],"about":[{"href":"https:\/\/pittalumarimakari.it\/en\/wp-json\/wp\/v2\/types\/page"}],"author":[{"embeddable":true,"href":"https:\/\/pittalumarimakari.it\/en\/wp-json\/wp\/v2\/users\/1"}],"replies":[{"embeddable":true,"href":"https:\/\/pittalumarimakari.it\/en\/wp-json\/wp\/v2\/comments?post=2923"}],"version-history":[{"count":6,"href":"https:\/\/pittalumarimakari.it\/en\/wp-json\/wp\/v2\/pages\/2923\/revisions"}],"predecessor-version":[{"id":3111,"href":"https:\/\/pittalumarimakari.it\/en\/wp-json\/wp\/v2\/pages\/2923\/revisions\/3111"}],"wp:attachment":[{"href":"https:\/\/pittalumarimakari.it\/en\/wp-json\/wp\/v2\/media?parent=2923"}],"curies":[{"name":"wp","href":"https:\/\/api.w.org\/{rel}","templated":true}]}}